{"id":5776,"date":"2021-12-09T13:05:07","date_gmt":"2021-12-09T12:05:07","guid":{"rendered":"https:\/\/sattlerundpartner.de\/?page_id=5776"},"modified":"2021-12-09T13:05:19","modified_gmt":"2021-12-09T12:05:19","slug":"antwortbogen-unternehmergespraech","status":"publish","type":"page","link":"https:\/\/sattlerundpartner.de\/de\/antwortbogen-unternehmergespraech\/","title":{"rendered":"Antwortbogen Unternehmergespr\u00e4ch"},"content":{"rendered":"\t\t<div data-elementor-type=\"wp-page\" data-elementor-id=\"5776\" class=\"elementor elementor-5776\" data-elementor-post-type=\"page\">\n\t\t\t\t\t\t<section class=\"elementor-section elementor-top-section elementor-element elementor-element-ece16ab make--section--regular elementor-section-boxed elementor-section-height-default elementor-section-height-default\" data-id=\"ece16ab\" data-element_type=\"section\" data-e-type=\"section\">\n\t\t\t\t\t\t<div class=\"elementor-container elementor-column-gap-default\">\n\t\t\t\t\t<div class=\"elementor-column elementor-col-100 elementor-top-column elementor-element elementor-element-01aaa47\" data-id=\"01aaa47\" data-element_type=\"column\" data-e-type=\"column\">\n\t\t\t<div class=\"elementor-widget-wrap elementor-element-populated\">\n\t\t\t\t\t\t<div class=\"elementor-element elementor-element-ad959a8 elementor-widget elementor-widget-wp-widget-custom_html\" data-id=\"ad959a8\" data-element_type=\"widget\" data-e-type=\"widget\" data-widget_type=\"wp-widget-custom_html.default\">\n\t\t\t\t<div class=\"elementor-widget-container\">\n\t\t\t\t\t<div class=\"textwidget custom-html-widget\"><script type=\"text\/javascript\">var gform;gform||(document.addEventListener(\"gform_main_scripts_loaded\",function(){gform.scriptsLoaded=!0}),window.addEventListener(\"DOMContentLoaded\",function(){gform.domLoaded=!0}),gform={domLoaded:!1,scriptsLoaded:!1,initializeOnLoaded:function(o){gform.domLoaded&&gform.scriptsLoaded?o():!gform.domLoaded&&gform.scriptsLoaded?window.addEventListener(\"DOMContentLoaded\",o):document.addEventListener(\"gform_main_scripts_loaded\",o)},hooks:{action:{},filter:{}},addAction:function(o,n,r,t){gform.addHook(\"action\",o,n,r,t)},addFilter:function(o,n,r,t){gform.addHook(\"filter\",o,n,r,t)},doAction:function(o){gform.doHook(\"action\",o,arguments)},applyFilters:function(o){return gform.doHook(\"filter\",o,arguments)},removeAction:function(o,n){gform.removeHook(\"action\",o,n)},removeFilter:function(o,n,r){gform.removeHook(\"filter\",o,n,r)},addHook:function(o,n,r,t,i){null==gform.hooks[o][n]&&(gform.hooks[o][n]=[]);var e=gform.hooks[o][n];null==i&&(i=n+\"_\"+e.length),gform.hooks[o][n].push({tag:i,callable:r,priority:t=null==t?10:t})},doHook:function(n,o,r){var t;if(r=Array.prototype.slice.call(r,1),null!=gform.hooks[n][o]&&((o=gform.hooks[n][o]).sort(function(o,n){return o.priority-n.priority}),o.forEach(function(o){\"function\"!=typeof(t=o.callable)&&(t=window[t]),\"action\"==n?t.apply(null,r):r[0]=t.apply(null,r)})),\"filter\"==n)return r[0]},removeHook:function(o,n,t,i){var r;null!=gform.hooks[o][n]&&(r=(r=gform.hooks[o][n]).filter(function(o,n,r){return!!(null!=i&&i!=o.tag||null!=t&&t!=o.priority)}),gform.hooks[o][n]=r)}});<\/script>\n                <div class='gf_browser_gecko gform_wrapper gravity-theme gform-theme--no-framework' data-form-theme='gravity-theme' data-form-index='0' id='gform_wrapper_10' >\n                        <div class='gform_heading'>\n                            <h2 class=\"gform_title\">Antwortbogen Unternehmergespr\u00e4ch<\/h2>\n                            <p class='gform_description'><\/p>\n                        <\/div><form method='post' enctype='multipart\/form-data'  id='gform_10'  action='\/de\/wp-json\/wp\/v2\/pages\/5776' data-formid='10' >\n                        <div class='gform-body gform_body'><div id='gform_fields_10' class='gform_fields top_label form_sublabel_below description_below'><div id=\"field_10_1\"  class=\"gfield gfield--type-text gfield_contains_required field_sublabel_below gfield--no-description field_description_below gfield_visibility_visible\"  data-js-reload=\"field_10_1\"><label class='gfield_label gform-field-label' for='input_10_1' >Unternehmen<span class=\"gfield_required\"><span class=\"gfield_required gfield_required_text\">(erforderlich)<\/span><\/span><\/label><div class='ginput_container ginput_container_text'><input name='input_1' id='input_10_1' type='text' value='' class='large'     aria-required=\"true\" aria-invalid=\"false\"   \/> <\/div><\/div><fieldset id=\"field_10_17\"  class=\"gfield gfield--type-name gfield--width-full gfield_contains_required field_sublabel_below gfield--no-description field_description_below gfield_visibility_visible\"  data-js-reload=\"field_10_17\"><legend class='gfield_label gform-field-label gfield_label_before_complex'  >Vor- und Nachname<span class=\"gfield_required\"><span class=\"gfield_required gfield_required_text\">(erforderlich)<\/span><\/span><\/legend><div class='ginput_complex ginput_container ginput_container--name no_prefix has_first_name no_middle_name has_last_name no_suffix gf_name_has_2 ginput_container_name gform-grid-row' id='input_10_17'>\n                            \n                            <span id='input_10_17_3_container' class='name_first gform-grid-col gform-grid-col--size-auto' >\n                                                    <input type='text' name='input_17.3' id='input_10_17_3' value=''   aria-required='true'     \/>\n                                                    <label for='input_10_17_3' class='gform-field-label gform-field-label--type-sub '>Vorname<\/label>\n                                                <\/span>\n                            \n                            <span id='input_10_17_6_container' class='name_last gform-grid-col gform-grid-col--size-auto' >\n                                                    <input type='text' name='input_17.6' id='input_10_17_6' value=''   aria-required='true'     \/>\n                                                    <label for='input_10_17_6' class='gform-field-label gform-field-label--type-sub '>Nachname<\/label>\n                                                <\/span>\n                            \n                        <\/div><\/fieldset><div id=\"field_10_3\"  class=\"gfield gfield--type-text gfield--width-full field_sublabel_below gfield--no-description field_description_above gfield_visibility_visible\"  data-js-reload=\"field_10_3\"><label class='gfield_label gform-field-label' for='input_10_3' >Welche Funktion haben Sie in Ihrem Unternehmen?<\/label><div class='ginput_container ginput_container_text'><input name='input_3' id='input_10_3' type='text' value='' class='large'      aria-invalid=\"false\"   \/> <\/div><\/div><div id=\"field_10_4\"  class=\"gfield gfield--type-text gfield--width-full gfield_contains_required field_sublabel_below gfield--no-description field_description_below gfield_visibility_visible\"  data-js-reload=\"field_10_4\"><label class='gfield_label gform-field-label' for='input_10_4' >Telefonnummer<span class=\"gfield_required\"><span class=\"gfield_required gfield_required_text\">(erforderlich)<\/span><\/span><\/label><div class='ginput_container ginput_container_text'><input name='input_4' id='input_10_4' type='text' value='' class='large'     aria-required=\"true\" aria-invalid=\"false\"   \/> <\/div><\/div><div id=\"field_10_15\"  class=\"gfield gfield--type-email gfield--width-full gfield_contains_required field_sublabel_below gfield--no-description field_description_below gfield_visibility_visible\"  data-js-reload=\"field_10_15\"><label class='gfield_label gform-field-label' for='input_10_15' >E-Mail<span class=\"gfield_required\"><span class=\"gfield_required gfield_required_text\">(erforderlich)<\/span><\/span><\/label><div class='ginput_container ginput_container_email'>\n                            <input name='input_15' id='input_10_15' type='text' value='' class='large'    aria-required=\"true\" aria-invalid=\"false\"  \/>\n                        <\/div><\/div><fieldset id=\"field_10_7\"  class=\"gfield gfield--type-checkbox gfield--type-choice gfield--width-full gfield_contains_required field_sublabel_below gfield--no-description field_description_below gfield_visibility_visible\"  data-js-reload=\"field_10_7\"><legend class='gfield_label gform-field-label gfield_label_before_complex'  >Ich bin interessiert<span class=\"gfield_required\"><span class=\"gfield_required gfield_required_text\">(erforderlich)<\/span><\/span><\/legend><div class='ginput_container ginput_container_checkbox'><div class='gfield_checkbox' id='input_10_7'><div class='gchoice gchoice_10_7_1'>\n\t\t\t\t\t\t\t\t<input class='gfield-choice-input' name='input_7.1' type='checkbox'  value='an einem pers\u00f6nlichen &quot;Unternehmergespr\u00e4ch&quot;'  id='choice_10_7_1'   \/>\n\t\t\t\t\t\t\t\t<label for='choice_10_7_1' id='label_10_7_1' class='gform-field-label gform-field-label--type-inline'>an einem pers\u00f6nlichen \"Unternehmergespr\u00e4ch\"<\/label>\n\t\t\t\t\t\t\t<\/div><div class='gchoice gchoice_10_7_2'>\n\t\t\t\t\t\t\t\t<input class='gfield-choice-input' name='input_7.2' type='checkbox'  value='an einer Bewertung meines Unternehmens'  id='choice_10_7_2'   \/>\n\t\t\t\t\t\t\t\t<label for='choice_10_7_2' id='label_10_7_2' class='gform-field-label gform-field-label--type-inline'>an einer Bewertung meines Unternehmens<\/label>\n\t\t\t\t\t\t\t<\/div><div class='gchoice gchoice_10_7_3'>\n\t\t\t\t\t\t\t\t<input class='gfield-choice-input' name='input_7.3' type='checkbox'  value='am Verkauf meines Unternehmens \/ einer Beteiligung'  id='choice_10_7_3'   \/>\n\t\t\t\t\t\t\t\t<label for='choice_10_7_3' id='label_10_7_3' class='gform-field-label gform-field-label--type-inline'>am Verkauf meines Unternehmens \/ einer Beteiligung<\/label>\n\t\t\t\t\t\t\t<\/div><div class='gchoice gchoice_10_7_4'>\n\t\t\t\t\t\t\t\t<input class='gfield-choice-input' name='input_7.4' type='checkbox'  value='am Kauf eines Unternehmens'  id='choice_10_7_4'   \/>\n\t\t\t\t\t\t\t\t<label for='choice_10_7_4' id='label_10_7_4' class='gform-field-label gform-field-label--type-inline'>am Kauf eines Unternehmens<\/label>\n\t\t\t\t\t\t\t<\/div><div class='gchoice gchoice_10_7_5'>\n\t\t\t\t\t\t\t\t<input class='gfield-choice-input' name='input_7.5' type='checkbox'  value='an der Wertsteigerung meines Unternehmens'  id='choice_10_7_5'   \/>\n\t\t\t\t\t\t\t\t<label for='choice_10_7_5' id='label_10_7_5' class='gform-field-label gform-field-label--type-inline'>an der Wertsteigerung meines Unternehmens<\/label>\n\t\t\t\t\t\t\t<\/div><\/div><\/div><\/fieldset><fieldset id=\"field_10_18\"  class=\"gfield gfield--type-checkbox gfield--type-choice gfield--width-full gfield_contains_required field_sublabel_below gfield--no-description field_description_below gfield_visibility_visible\"  data-js-reload=\"field_10_18\"><legend class='gfield_label gform-field-label gfield_label_before_complex'  >Bitte kontaktieren Sie mich<span class=\"gfield_required\"><span class=\"gfield_required gfield_required_text\">(erforderlich)<\/span><\/span><\/legend><div class='ginput_container ginput_container_checkbox'><div class='gfield_checkbox' id='input_10_18'><div class='gchoice gchoice_10_18_1'>\n\t\t\t\t\t\t\t\t<input class='gfield-choice-input' name='input_18.1' type='checkbox'  value='per Telefon'  id='choice_10_18_1'   \/>\n\t\t\t\t\t\t\t\t<label for='choice_10_18_1' id='label_10_18_1' class='gform-field-label gform-field-label--type-inline'>per Telefon<\/label>\n\t\t\t\t\t\t\t<\/div><div class='gchoice gchoice_10_18_2'>\n\t\t\t\t\t\t\t\t<input class='gfield-choice-input' name='input_18.2' type='checkbox'  value='via E-Mail'  id='choice_10_18_2'   \/>\n\t\t\t\t\t\t\t\t<label for='choice_10_18_2' id='label_10_18_2' class='gform-field-label gform-field-label--type-inline'>via E-Mail<\/label>\n\t\t\t\t\t\t\t<\/div><\/div><\/div><\/fieldset><fieldset id=\"field_10_11\"  class=\"gfield gfield--type-consent gfield--type-choice gfield--input-type-consent gfield--width-full gfield_contains_required field_sublabel_below gfield--has-description field_description_above gfield_visibility_visible\"  data-js-reload=\"field_10_11\"><legend class='gfield_label gform-field-label gfield_label_before_complex'  >Datenschutz<span class=\"gfield_required\"><span class=\"gfield_required gfield_required_text\">(erforderlich)<\/span><\/span><\/legend><div class='gfield_description gfield_consent_description' id='gfield_consent_description_10_11'>Mit dem Absenden des Formulars erkl\u00e4ren Sie sich damit einverstanden, dass Ihre Daten zur Bearbeitung Ihres Anliegens verwendet werden. Sie k\u00f6nnen der Datenverarbeitung jederzeit widersprechen. Nutzen Sie daf\u00fcr unsere Email-Adresse info@sattlerundpartner.de. Informationen zum Datenschutz bei Sattler & Partner finden Sie hier: https:\/\/sattlerundpartner.de\/de\/datenschutz\/<\/div><div class='ginput_container ginput_container_consent'><input name='input_11.1' id='input_10_11_1' type='checkbox' value='1'  aria-describedby=\"gfield_consent_description_10_11\" aria-required=\"true\" aria-invalid=\"false\"   \/> <label class=\"gform-field-label gform-field-label--type-inline gfield_consent_label\" for='input_10_11_1' >Ich stimme der Datenschutzerkl\u00e4rung zu.<\/label><input type='hidden' name='input_11.2' value='Ich stimme der Datenschutzerkl\u00e4rung zu.' class='gform_hidden' \/><input type='hidden' name='input_11.3' value='25' class='gform_hidden' \/><\/div><\/fieldset><div id=\"field_10_19\"  class=\"gfield gfield--type-honeypot gform_validation_container field_sublabel_below gfield--has-description field_description_below gfield_visibility_visible\"  data-js-reload=\"field_10_19\"><label class='gfield_label gform-field-label' for='input_10_19' >Email<\/label><div class='ginput_container'><input name='input_19' id='input_10_19' type='text' value='' \/><\/div><div class='gfield_description' id='gfield_description_10_19'>Dieses Feld dient zur Validierung und sollte nicht ver\u00e4ndert werden.<\/div><\/div><\/div><\/div>\n        <div class='gform_footer top_label'> <input type='submit' id='gform_submit_button_10' class='gform_button button' value='Anfrage senden'  onclick='if(window[\"gf_submitting_10\"]){return false;}  window[\"gf_submitting_10\"]=true;  ' onkeypress='if( event.keyCode == 13 ){ if(window[\"gf_submitting_10\"]){return false;} window[\"gf_submitting_10\"]=true;  jQuery(\"#gform_10\").trigger(\"submit\",[true]); }' \/> \n            <input type='hidden' class='gform_hidden' name='is_submit_10' value='1' \/>\n            <input type='hidden' class='gform_hidden' name='gform_submit' value='10' \/>\n            \n            <input type='hidden' class='gform_hidden' name='gform_unique_id' value='' \/>\n            <input type='hidden' class='gform_hidden' name='state_10' value='WyJ7XCIxMS4xXCI6XCIyNGM3M2FkYjg5MmY4NTUwZDRlMTExM2I1YmE2MDU0MVwiLFwiMTEuMlwiOlwiMGQwNjQ1MWMwNDk2NTZhNjUzNjdlZThmZTZlY2Q4YWRcIixcIjExLjNcIjpcIjMzNDA5N2QyZThkYjljZTM0NzRjMWJhMTU2MDEwYTI5XCJ9IiwiZTE2ZjQzZWU5OTMwOWRlYzJkNWNjYTU4YTdjNWI0OGMiXQ==' \/>\n            <input type='hidden' class='gform_hidden' name='gform_target_page_number_10' id='gform_target_page_number_10' value='0' \/>\n            <input type='hidden' class='gform_hidden' name='gform_source_page_number_10' id='gform_source_page_number_10' value='1' \/>\n            <input type='hidden' name='gform_field_values' value='' \/>\n            \n        <\/div>\n                        <\/form>\n                        <\/div><script>\ngform.initializeOnLoaded( function() {gformInitSpinner( 10, 'https:\/\/sattlerundpartner.de\/wp-content\/plugins\/gravityforms\/images\/spinner.svg', true );jQuery('#gform_ajax_frame_10').on('load',function(){var contents = jQuery(this).contents().find('*').html();var is_postback = contents.indexOf('GF_AJAX_POSTBACK') >= 0;if(!is_postback){return;}var form_content = jQuery(this).contents().find('#gform_wrapper_10');var is_confirmation = jQuery(this).contents().find('#gform_confirmation_wrapper_10').length > 0;var is_redirect = contents.indexOf('gformRedirect(){') >= 0;var is_form = form_content.length > 0 && ! is_redirect && ! is_confirmation;var mt = parseInt(jQuery('html').css('margin-top'), 10) + parseInt(jQuery('body').css('margin-top'), 10) + 100;if(is_form){jQuery('#gform_wrapper_10').html(form_content.html());if(form_content.hasClass('gform_validation_error')){jQuery('#gform_wrapper_10').addClass('gform_validation_error');} else {jQuery('#gform_wrapper_10').removeClass('gform_validation_error');}setTimeout( function() { \/* delay the scroll by 50 milliseconds to fix a bug in chrome *\/  }, 50 );if(window['gformInitDatepicker']) {gformInitDatepicker();}if(window['gformInitPriceFields']) {gformInitPriceFields();}var current_page = jQuery('#gform_source_page_number_10').val();gformInitSpinner( 10, 'https:\/\/sattlerundpartner.de\/wp-content\/plugins\/gravityforms\/images\/spinner.svg', true );jQuery(document).trigger('gform_page_loaded', [10, current_page]);window['gf_submitting_10'] = false;}else if(!is_redirect){var confirmation_content = jQuery(this).contents().find('.GF_AJAX_POSTBACK').html();if(!confirmation_content){confirmation_content = contents;}setTimeout(function(){jQuery('#gform_wrapper_10').replaceWith(confirmation_content);jQuery(document).trigger('gform_confirmation_loaded', [10]);window['gf_submitting_10'] = false;wp.a11y.speak(jQuery('#gform_confirmation_message_10').text());}, 50);}else{jQuery('#gform_10').append(contents);if(window['gformRedirect']) {gformRedirect();}}jQuery(document).trigger('gform_post_render', [10, current_page]);gform.utils.trigger({ event: 'gform\/postRender', native: false, data: { formId: 10, currentPage: current_page } });} );} );\n<\/script>\n<\/div>\t\t\t\t<\/div>\n\t\t\t\t<\/div>\n\t\t\t\t\t<\/div>\n\t\t<\/div>\n\t\t\t\t\t<\/div>\n\t\t<\/section>\n\t\t\t\t<section class=\"elementor-section elementor-top-section elementor-element elementor-element-906141d make--section--regular elementor-section-boxed elementor-section-height-default elementor-section-height-default\" data-id=\"906141d\" data-element_type=\"section\" data-e-type=\"section\">\n\t\t\t\t\t\t<div class=\"elementor-container elementor-column-gap-default\">\n\t\t\t\t\t<div class=\"elementor-column elementor-col-100 elementor-top-column elementor-element elementor-element-521a8f3\" data-id=\"521a8f3\" data-element_type=\"column\" data-e-type=\"column\">\n\t\t\t<div class=\"elementor-widget-wrap\">\n\t\t\t\t\t\t\t<\/div>\n\t\t<\/div>\n\t\t\t\t\t<\/div>\n\t\t<\/section>\n\t\t\t\t<\/div>\n\t\t","protected":false},"excerpt":{"rendered":"","protected":false},"author":4,"featured_media":0,"parent":0,"menu_order":0,"comment_status":"closed","ping_status":"closed","template":"","meta":{"_acf_changed":false,"footnotes":""},"class_list":["post-5776","page","type-page","status-publish","hentry"],"acf":[],"yoast_head":"<!-- This site is optimized with the Yoast SEO plugin v27.3 - https:\/\/yoast.com\/product\/yoast-seo-wordpress\/ -->\n<title>Antwortbogen Unternehmergespr\u00e4ch - Sattler &amp; Partner AG: Partner f\u00fcr den Mittelstand<\/title>\n<meta name=\"robots\" content=\"index, follow, max-snippet:-1, max-image-preview:large, max-video-preview:-1\" \/>\n<link rel=\"canonical\" href=\"https:\/\/sattlerundpartner.de\/de\/antwortbogen-unternehmergespraech\/\" \/>\n<meta property=\"og:locale\" content=\"de_DE\" \/>\n<meta property=\"og:type\" content=\"article\" \/>\n<meta property=\"og:title\" content=\"Antwortbogen Unternehmergespr\u00e4ch - Sattler &amp; Partner AG: Partner f\u00fcr den Mittelstand\" \/>\n<meta property=\"og:url\" content=\"https:\/\/sattlerundpartner.de\/de\/antwortbogen-unternehmergespraech\/\" \/>\n<meta property=\"og:site_name\" content=\"Sattler &amp; Partner AG: Partner f\u00fcr den Mittelstand\" \/>\n<meta property=\"article:modified_time\" content=\"2021-12-09T12:05:19+00:00\" \/>\n<meta name=\"twitter:card\" content=\"summary_large_image\" \/>\n<meta name=\"twitter:label1\" content=\"Gesch\u00e4tzte Lesezeit\" \/>\n\t<meta name=\"twitter:data1\" content=\"1\u00a0Minute\" \/>\n<script type=\"application\/ld+json\" class=\"yoast-schema-graph\">{\"@context\":\"https:\\\/\\\/schema.org\",\"@graph\":[{\"@type\":\"WebPage\",\"@id\":\"https:\\\/\\\/sattlerundpartner.de\\\/de\\\/antwortbogen-unternehmergespraech\\\/\",\"url\":\"https:\\\/\\\/sattlerundpartner.de\\\/de\\\/antwortbogen-unternehmergespraech\\\/\",\"name\":\"Antwortbogen Unternehmergespr\u00e4ch - Sattler &amp; Partner AG: Partner f\u00fcr den Mittelstand\",\"isPartOf\":{\"@id\":\"https:\\\/\\\/sattlerundpartner.de\\\/en\\\/#website\"},\"datePublished\":\"2021-12-09T12:05:07+00:00\",\"dateModified\":\"2021-12-09T12:05:19+00:00\",\"inLanguage\":\"de\",\"potentialAction\":[{\"@type\":\"ReadAction\",\"target\":[\"https:\\\/\\\/sattlerundpartner.de\\\/de\\\/antwortbogen-unternehmergespraech\\\/\"]}]},{\"@type\":\"WebSite\",\"@id\":\"https:\\\/\\\/sattlerundpartner.de\\\/en\\\/#website\",\"url\":\"https:\\\/\\\/sattlerundpartner.de\\\/en\\\/\",\"name\":\"Sattler &amp; Partner AG: Partner f\u00fcr den Mittelstand\",\"description\":\"Unternehmensverkauf \\\/ -kauf | Unternehmensfinanzierung | Unternehmensberatung\",\"publisher\":{\"@id\":\"https:\\\/\\\/sattlerundpartner.de\\\/en\\\/#organization\"},\"potentialAction\":[{\"@type\":\"SearchAction\",\"target\":{\"@type\":\"EntryPoint\",\"urlTemplate\":\"https:\\\/\\\/sattlerundpartner.de\\\/en\\\/?s={search_term_string}\"},\"query-input\":{\"@type\":\"PropertyValueSpecification\",\"valueRequired\":true,\"valueName\":\"search_term_string\"}}],\"inLanguage\":\"de\"},{\"@type\":\"Organization\",\"@id\":\"https:\\\/\\\/sattlerundpartner.de\\\/en\\\/#organization\",\"name\":\"Sattler &amp; Partner AG: Partner f\u00fcr den Mittelstand\",\"url\":\"https:\\\/\\\/sattlerundpartner.de\\\/en\\\/\",\"logo\":{\"@type\":\"ImageObject\",\"inLanguage\":\"de\",\"@id\":\"https:\\\/\\\/sattlerundpartner.de\\\/en\\\/#\\\/schema\\\/logo\\\/image\\\/\",\"url\":\"https:\\\/\\\/sattlerundpartner.de\\\/wp-content\\\/uploads\\\/2019\\\/06\\\/sattler-und-partner-logo-w.png\",\"contentUrl\":\"https:\\\/\\\/sattlerundpartner.de\\\/wp-content\\\/uploads\\\/2019\\\/06\\\/sattler-und-partner-logo-w.png\",\"width\":510,\"height\":148,\"caption\":\"Sattler &amp; Partner AG: Partner f\u00fcr den Mittelstand\"},\"image\":{\"@id\":\"https:\\\/\\\/sattlerundpartner.de\\\/en\\\/#\\\/schema\\\/logo\\\/image\\\/\"}}]}<\/script>\n<!-- \/ Yoast SEO plugin. -->","yoast_head_json":{"title":"Antwortbogen Unternehmergespr\u00e4ch - Sattler &amp; Partner AG: Partner f\u00fcr den Mittelstand","robots":{"index":"index","follow":"follow","max-snippet":"max-snippet:-1","max-image-preview":"max-image-preview:large","max-video-preview":"max-video-preview:-1"},"canonical":"https:\/\/sattlerundpartner.de\/de\/antwortbogen-unternehmergespraech\/","og_locale":"de_DE","og_type":"article","og_title":"Antwortbogen Unternehmergespr\u00e4ch - Sattler &amp; Partner AG: Partner f\u00fcr den Mittelstand","og_url":"https:\/\/sattlerundpartner.de\/de\/antwortbogen-unternehmergespraech\/","og_site_name":"Sattler &amp; Partner AG: Partner f\u00fcr den Mittelstand","article_modified_time":"2021-12-09T12:05:19+00:00","twitter_card":"summary_large_image","twitter_misc":{"Gesch\u00e4tzte Lesezeit":"1\u00a0Minute"},"schema":{"@context":"https:\/\/schema.org","@graph":[{"@type":"WebPage","@id":"https:\/\/sattlerundpartner.de\/de\/antwortbogen-unternehmergespraech\/","url":"https:\/\/sattlerundpartner.de\/de\/antwortbogen-unternehmergespraech\/","name":"Antwortbogen Unternehmergespr\u00e4ch - Sattler &amp; Partner AG: Partner f\u00fcr den Mittelstand","isPartOf":{"@id":"https:\/\/sattlerundpartner.de\/en\/#website"},"datePublished":"2021-12-09T12:05:07+00:00","dateModified":"2021-12-09T12:05:19+00:00","inLanguage":"de","potentialAction":[{"@type":"ReadAction","target":["https:\/\/sattlerundpartner.de\/de\/antwortbogen-unternehmergespraech\/"]}]},{"@type":"WebSite","@id":"https:\/\/sattlerundpartner.de\/en\/#website","url":"https:\/\/sattlerundpartner.de\/en\/","name":"Sattler &amp; Partner AG: Partner f\u00fcr den Mittelstand","description":"Unternehmensverkauf \/ -kauf | Unternehmensfinanzierung | Unternehmensberatung","publisher":{"@id":"https:\/\/sattlerundpartner.de\/en\/#organization"},"potentialAction":[{"@type":"SearchAction","target":{"@type":"EntryPoint","urlTemplate":"https:\/\/sattlerundpartner.de\/en\/?s={search_term_string}"},"query-input":{"@type":"PropertyValueSpecification","valueRequired":true,"valueName":"search_term_string"}}],"inLanguage":"de"},{"@type":"Organization","@id":"https:\/\/sattlerundpartner.de\/en\/#organization","name":"Sattler &amp; Partner AG: Partner f\u00fcr den Mittelstand","url":"https:\/\/sattlerundpartner.de\/en\/","logo":{"@type":"ImageObject","inLanguage":"de","@id":"https:\/\/sattlerundpartner.de\/en\/#\/schema\/logo\/image\/","url":"https:\/\/sattlerundpartner.de\/wp-content\/uploads\/2019\/06\/sattler-und-partner-logo-w.png","contentUrl":"https:\/\/sattlerundpartner.de\/wp-content\/uploads\/2019\/06\/sattler-und-partner-logo-w.png","width":510,"height":148,"caption":"Sattler &amp; Partner AG: Partner f\u00fcr den Mittelstand"},"image":{"@id":"https:\/\/sattlerundpartner.de\/en\/#\/schema\/logo\/image\/"}}]}},"_links":{"self":[{"href":"https:\/\/sattlerundpartner.de\/de\/wp-json\/wp\/v2\/pages\/5776","targetHints":{"allow":["GET"]}}],"collection":[{"href":"https:\/\/sattlerundpartner.de\/de\/wp-json\/wp\/v2\/pages"}],"about":[{"href":"https:\/\/sattlerundpartner.de\/de\/wp-json\/wp\/v2\/types\/page"}],"author":[{"embeddable":true,"href":"https:\/\/sattlerundpartner.de\/de\/wp-json\/wp\/v2\/users\/4"}],"replies":[{"embeddable":true,"href":"https:\/\/sattlerundpartner.de\/de\/wp-json\/wp\/v2\/comments?post=5776"}],"version-history":[{"count":8,"href":"https:\/\/sattlerundpartner.de\/de\/wp-json\/wp\/v2\/pages\/5776\/revisions"}],"predecessor-version":[{"id":5794,"href":"https:\/\/sattlerundpartner.de\/de\/wp-json\/wp\/v2\/pages\/5776\/revisions\/5794"}],"wp:attachment":[{"href":"https:\/\/sattlerundpartner.de\/de\/wp-json\/wp\/v2\/media?parent=5776"}],"curies":[{"name":"wp","href":"https:\/\/api.w.org\/{rel}","templated":true}]}}